{"id":10,"date":"2024-10-04T09:34:43","date_gmt":"2024-10-04T06:34:43","guid":{"rendered":"https:\/\/www.lavantamobilya.com\/?page_id=10"},"modified":"2025-03-01T11:57:29","modified_gmt":"2025-03-01T08:57:29","slug":"ana-sayfa","status":"publish","type":"page","link":"https:\/\/www.lavantamobilya.com\/index.php\/ana-sayfa\/","title":{"rendered":"Montaj Kurulum"},"content":{"rendered":"\n<div class=\"wp-block-uagb-container uagb-block-90bd3c4b alignfull uagb-is-root-container\"><div class=\"uagb-container-inner-blocks-wrap\">\n<div class=\"wp-block-uagb-container uagb-block-c275122c\">\n<div class=\"wp-block-uagb-info-box uagb-block-5000c7cc uagb-infobox__content-wrap  uagb-infobox-icon-above-title uagb-infobox-image-valign-top\"><div class=\"uagb-ifb-content\"><div class=\"uagb-ifb-image-content\"><img decoding=\"async\" src=\"https:\/\/www.lavantamobilya.com\/wp-content\/uploads\/2024\/10\/urun-300x300.png\" alt=\"\" width=\"\" height=\"0\" loading=\"lazy\"\/><\/div><div class=\"uagb-ifb-title-wrap\"><h3 class=\"uagb-ifb-title\">( N\u0130L &#8211;  D\u0130CLE ) MDF \u00c7AMA\u015eIR MAK\u0130NASI VE KURUTMA MAK\u0130NASI DOLABI<\/h3><\/div><p class=\"uagb-ifb-desc\">3410BYZMDFNL<\/p><\/div><\/div>\n<a class=\"spectra-container-link-overlay\" rel=\"noopener\" href=\"https:\/\/www.youtube.com\/watch?v=jWJ2Aa8TZxc\"> <\/a><\/div>\n\n\n\n<div class=\"wp-block-uagb-container uagb-block-5416e8ff\">\n<div class=\"wp-block-uagb-info-box uagb-block-b799c4f0 uagb-infobox__content-wrap  uagb-infobox-icon-above-title uagb-infobox-image-valign-top\"><div class=\"uagb-ifb-content\"><div class=\"uagb-ifb-image-content\"><img decoding=\"async\" src=\"https:\/\/www.lavantamobilya.com\/wp-content\/uploads\/2024\/10\/urun-200x300.jpg\" alt=\"https:\/\/www.lavantamobilya.com\/wp-content\/uploads\/2024\/10\/Musteri_el_Kitabi_3411BYZMDFAM.pdf\" width=\"\" height=\"0\" loading=\"lazy\"\/><\/div><div class=\"uagb-ifb-title-wrap\"><h3 class=\"uagb-ifb-title\"><br>( Amazon- REN ) MDF \u00c7AMA\u015eIR MAK\u0130NASI VE KURUTMA MAK\u0130NASI DOLABI<\/h3><\/div><p class=\"uagb-ifb-desc\">3411BYZMDFAM<\/p><\/div><\/div>\n<a class=\"spectra-container-link-overlay\" rel=\"noopener\" href=\"https:\/\/www.youtube.com\/watch?v=jWJ2Aa8TZxc\"> <\/a><\/div>\n\n\n\n<div class=\"wp-block-uagb-container uagb-block-58b80b3c\">\n<div class=\"wp-block-uagb-info-box uagb-block-bfb395e9 uagb-infobox__content-wrap  uagb-infobox-icon-above-title uagb-infobox-image-valign-top\"><div class=\"uagb-ifb-content\"><div class=\"uagb-ifb-image-content\"><img decoding=\"async\" src=\"https:\/\/www.lavantamobilya.com\/wp-content\/uploads\/2024\/10\/camasir-ve-kurutma-makinesi-dola-300x300.jpg\" alt=\"\" width=\"\" height=\"0\" loading=\"lazy\"\/><\/div><div class=\"uagb-ifb-title-wrap\"><h3 class=\"uagb-ifb-title\">( Altun )  MDF  \u00c7AMA\u015eIR MAK\u0130NASI VE KURUTMA MAK\u0130NASI DOLABI&#8230;.<\/h3><\/div><p class=\"uagb-ifb-desc\">3410BYZMDFATN<\/p><\/div><\/div>\n<a class=\"spectra-container-link-overlay\" rel=\"noopener\" href=\"https:\/\/www.youtube.com\/watch?v=jWJ2Aa8TZxc\"> <\/a><\/div>\n\n\n\n<div class=\"wp-block-uagb-container uagb-block-b61f44cf\">\n<div class=\"wp-block-uagb-info-box uagb-block-91a1a3df uagb-infobox__content-wrap  uagb-infobox-icon-above-title uagb-infobox-image-valign-top\"><div class=\"uagb-ifb-content\"><div class=\"uagb-ifb-image-content\"><img decoding=\"async\" src=\"https:\/\/www.lavantamobilya.com\/wp-content\/uploads\/2025\/02\/ilan_1-300x300.jpg\" alt=\"\" width=\"\" height=\"0\" loading=\"lazy\"\/><\/div><div class=\"uagb-ifb-title-wrap\"><h3 class=\"uagb-ifb-title\">N\u0130L MDF AYAKKABILIK<\/h3><\/div><p class=\"uagb-ifb-desc\">3424BYZMDFNL<\/p><\/div><\/div>\n<\/div>\n\n\n\n<div class=\"wp-block-uagb-container uagb-block-7a77c60e\"><\/div>\n\n\n\n<div class=\"wp-block-uagb-container uagb-block-96f50b14\"><\/div>\n<\/div><\/div>\n\n\n\n<div class=\"wp-block-uagb-container uagb-block-2116ce68 alignfull uagb-is-root-container\"><div class=\"uagb-container-inner-blocks-wrap\">\n<div class=\"wp-block-uagb-info-box uagb-block-1d41791f uagb-infobox__content-wrap  uagb-infobox-icon-above-title uagb-infobox-image-valign-top\"><div class=\"uagb-ifb-content\"><div class=\"uagb-ifb-icon-wrap\"><svg xmlns=\"https:\/\/www.w3.org\/2000\/svg\" viewBox=\"0 0 512 512\"><path d=\"M0 256C0 114.6 114.6 0 256 0C397.4 0 512 114.6 512 256C512 397.4 397.4 512 256 512C114.6 512 0 397.4 0 256zM371.8 211.8C382.7 200.9 382.7 183.1 371.8 172.2C360.9 161.3 343.1 161.3 332.2 172.2L224 280.4L179.8 236.2C168.9 225.3 151.1 225.3 140.2 236.2C129.3 247.1 129.3 264.9 140.2 275.8L204.2 339.8C215.1 350.7 232.9 350.7 243.8 339.8L371.8 211.8z\"><\/path><\/svg><\/div><div class=\"uagb-ifb-title-wrap\"><h3 class=\"uagb-ifb-title\">De\u011feri m\u00fc\u015fterimiz;<br><br>Lavanta Mobilya olarak e-Ticaret faaliyetlerimize yeni ba\u015flam\u0131\u015f bir firmay\u0131z, Kendi imalat\u0131m\u0131z olan kaliteli \u00fcr\u00fcnleri uygun fiyatlarla e-Ticaret platformlar\u0131nda siz de\u011ferli m\u00fc\u015fterilerimiz ile bulu\u015fturmay\u0131 ama\u00e7l\u0131yoruz.  <br><br>G\u00fczel yorum ve Y\u00fcksek puanlarla bizlere destek olabilirseniz mutluluk duyar\u0131z. <br><br>Ya\u015fand\u0131\u011f\u0131n\u0131z sorunlarla alakal\u0131 olarak l\u00fctfen ileti\u015fime ge\u00e7iniz gerekirse &#8220;Yedek Par\u00e7a&#8221; ya da &#8220;Yeniden \u00dcr\u00fcn G\u00f6nderimi&#8221; Sa\u011flayabiliriz. <br><br>Anlay\u0131\u015f\u0131n\u0131z i\u00e7in te\u015fekk\u00fcr ederiz.<\/h3><\/div><\/div><\/div>\n\n\n\n<div class=\"wp-block-uagb-icon-list uagb-block-f658f74f\"><div class=\"uagb-icon-list__wrap\">\n<div class=\"wp-block-uagb-icon-list-child uagb-block-b95e4d66\"><a target=\"_blank\" aria-label=\"Whatsapp 7\/24 Destek\" rel=\"noopener noreferrer\" href=\"https:\/\/wa.me\/5397254575\"> <\/a><span class=\"uagb-icon-list__source-wrap\"><svg xmlns=\"https:\/\/www.w3.org\/2000\/svg\" viewBox=\"0 0 448 512\"><path d=\"M380.9 97.1C339 55.1 283.2 32 223.9 32c-122.4 0-222 99.6-222 222 0 39.1 10.2 77.3 29.6 111L0 480l117.7-30.9c32.4 17.7 68.9 27 106.1 27h.1c122.3 0 224.1-99.6 224.1-222 0-59.3-25.2-115-67.1-157zm-157 341.6c-33.2 0-65.7-8.9-94-25.7l-6.7-4-69.8 18.3L72 359.2l-4.4-7c-18.5-29.4-28.2-63.3-28.2-98.2 0-101.7 82.8-184.5 184.6-184.5 49.3 0 95.6 19.2 130.4 54.1 34.8 34.9 56.2 81.2 56.1 130.5 0 101.8-84.9 184.6-186.6 184.6zm101.2-138.2c-5.5-2.8-32.8-16.2-37.9-18-5.1-1.9-8.8-2.8-12.5 2.8-3.7 5.6-14.3 18-17.6 21.8-3.2 3.7-6.5 4.2-12 1.4-32.6-16.3-54-29.1-75.5-66-5.7-9.8 5.7-9.1 16.3-30.3 1.8-3.7 .9-6.9-.5-9.7-1.4-2.8-12.5-30.1-17.1-41.2-4.5-10.8-9.1-9.3-12.5-9.5-3.2-.2-6.9-.2-10.6-.2-3.7 0-9.7 1.4-14.8 6.9-5.1 5.6-19.4 19-19.4 46.3 0 27.3 19.9 53.7 22.6 57.4 2.8 3.7 39.1 59.7 94.8 83.8 35.2 15.2 49 16.5 66.6 13.9 10.7-1.6 32.8-13.4 37.4-26.4 4.6-13 4.6-24.1 3.2-26.4-1.3-2.5-5-3.9-10.5-6.6z\"><\/path><\/svg><\/span><span class=\"uagb-icon-list__label\">Whatsapp 7\/24 Destek<\/span><\/div>\n<\/div><\/div>\n<\/div><\/div>\n\n\n\n<div class=\"wp-block-uagb-container uagb-block-8f5dfd5f alignfull uagb-is-root-container\"><div class=\"uagb-container-inner-blocks-wrap\"><\/div><\/div>\n\n\n\n<p><\/p>\n","protected":false},"excerpt":{"rendered":"","protected":false},"author":1,"featured_media":0,"parent":0,"menu_order":0,"comment_status":"closed","ping_status":"closed","template":"","meta":{"_uag_custom_page_level_css":"","site-sidebar-layout":"default","site-content-layout":"","ast-site-content-layout":"","site-content-style":"default","site-sidebar-style":"default","ast-global-header-display":"","ast-banner-title-visibility":"","ast-main-header-display":"","ast-hfb-above-header-display":"","ast-hfb-below-header-display":"","ast-hfb-mobile-header-display":"","site-post-title":"disabled","ast-breadcrumbs-content":"","ast-featured-img":"disabled","footer-sml-layout":"","theme-transparent-header-meta":"","adv-header-id-meta":"","stick-header-meta":"","header-above-stick-meta":"","header-main-stick-meta":"","header-below-stick-meta":"","astra-migrate-meta-layouts":"default","ast-page-background-enabled":"default","ast-page-background-meta":{"desktop":{"background-color":"var(--ast-global-color-4)","background-image":"","background-repeat":"repeat","background-position":"center center","background-size":"auto","background-attachment":"scroll","background-type":"","background-media":"","overlay-type":"","overlay-color":"","overlay-opacity":"","overlay-gradient":""},"tablet":{"background-color":"","background-image":"","background-repeat":"repeat","background-position":"center center","background-size":"auto","background-attachment":"scroll","background-type":"","background-media":"","overlay-type":"","overlay-color":"","overlay-opacity":"","overlay-gradient":""},"mobile":{"background-color":"","background-image":"","background-repeat":"repeat","background-position":"center center","background-size":"auto","background-attachment":"scroll","background-type":"","background-media":"","overlay-type":"","overlay-color":"","overlay-opacity":"","overlay-gradient":""}},"ast-content-background-meta":{"desktop":{"background-color":"var(--ast-global-color-5)","background-image":"","background-repeat":"repeat","background-position":"center center","background-size":"auto","background-attachment":"scroll","background-type":"","background-media":"","overlay-type":"","overlay-color":"","overlay-opacity":"","overlay-gradient":""},"tablet":{"background-color":"var(--ast-global-color-5)","background-image":"","background-repeat":"repeat","background-position":"center center","background-size":"auto","background-attachment":"scroll","background-type":"","background-media":"","overlay-type":"","overlay-color":"","overlay-opacity":"","overlay-gradient":""},"mobile":{"background-color":"var(--ast-global-color-5)","background-image":"","background-repeat":"repeat","background-position":"center center","background-size":"auto","background-attachment":"scroll","background-type":"","background-media":"","overlay-type":"","overlay-color":"","overlay-opacity":"","overlay-gradient":""}},"footnotes":""},"class_list":["post-10","page","type-page","status-publish","hentry"],"uagb_featured_image_src":{"full":false,"thumbnail":false,"medium":false,"medium_large":false,"large":false,"1536x1536":false,"2048x2048":false},"uagb_author_info":{"display_name":"myildirim","author_link":"https:\/\/www.lavantamobilya.com\/index.php\/author\/myildirim\/"},"uagb_comment_info":0,"uagb_excerpt":null,"jetpack_sharing_enabled":true,"_links":{"self":[{"href":"https:\/\/www.lavantamobilya.com\/index.php\/wp-json\/wp\/v2\/pages\/10","targetHints":{"allow":["GET"]}}],"collection":[{"href":"https:\/\/www.lavantamobilya.com\/index.php\/wp-json\/wp\/v2\/pages"}],"about":[{"href":"https:\/\/www.lavantamobilya.com\/index.php\/wp-json\/wp\/v2\/types\/page"}],"author":[{"embeddable":true,"href":"https:\/\/www.lavantamobilya.com\/index.php\/wp-json\/wp\/v2\/users\/1"}],"replies":[{"embeddable":true,"href":"https:\/\/www.lavantamobilya.com\/index.php\/wp-json\/wp\/v2\/comments?post=10"}],"version-history":[{"count":33,"href":"https:\/\/www.lavantamobilya.com\/index.php\/wp-json\/wp\/v2\/pages\/10\/revisions"}],"predecessor-version":[{"id":196,"href":"https:\/\/www.lavantamobilya.com\/index.php\/wp-json\/wp\/v2\/pages\/10\/revisions\/196"}],"wp:attachment":[{"href":"https:\/\/www.lavantamobilya.com\/index.php\/wp-json\/wp\/v2\/media?parent=10"}],"curies":[{"name":"wp","href":"https:\/\/api.w.org\/{rel}","templated":true}]}}